{"id":1873,"date":"2025-06-12T14:41:11","date_gmt":"2025-06-12T14:41:11","guid":{"rendered":"https:\/\/elguatequebcn.com\/blog\/"},"modified":"2026-04-01T11:18:53","modified_gmt":"2026-04-01T11:18:53","slug":"blog","status":"publish","type":"page","link":"https:\/\/elguatequebcn.com\/ca\/blog\/","title":{"rendered":"Blog"},"content":{"rendered":"\t\t<div data-elementor-type=\"wp-page\" data-elementor-id=\"1873\" class=\"elementor elementor-1873 elementor-689\" data-elementor-post-type=\"page\">\n\t\t\t\t<div class=\"elementor-element elementor-element-87e8678 e-flex e-con-boxed e-con e-parent\" data-id=\"87e8678\" data-element_type=\"container\" data-e-type=\"container\" data-settings=\"{&quot;background_background&quot;:&quot;classic&quot;}\">\n\t\t\t\t\t<div class=\"e-con-inner\">\n\t\t\t\t<div class=\"elementor-element elementor-element-eff2d47 elementor-widget elementor-widget-heading\" data-id=\"eff2d47\" data-element_type=\"widget\" data-e-type=\"widget\" data-widget_type=\"heading.default\">\n\t\t\t\t\t<h2 class=\"elementor-heading-title elementor-size-default\">BLOG<\/h2>\t\t\t\t<\/div>\n\t\t\t\t\t<\/div>\n\t\t\t\t<\/div>\n\t\t<div class=\"elementor-element elementor-element-f073d1f e-flex e-con-boxed e-con e-parent\" data-id=\"f073d1f\" data-element_type=\"container\" data-e-type=\"container\" data-settings=\"{&quot;background_background&quot;:&quot;classic&quot;}\">\n\t\t\t\t\t<div class=\"e-con-inner\">\n\t\t\t\t<div class=\"elementor-element elementor-element-d1b1558 elementor-posts--align-center elementor-grid-3 elementor-grid-tablet-2 elementor-grid-mobile-1 elementor-posts--thumbnail-top elementor-widget elementor-widget-posts\" data-id=\"d1b1558\" data-element_type=\"widget\" data-e-type=\"widget\" data-settings=\"{&quot;classic_row_gap&quot;:{&quot;unit&quot;:&quot;px&quot;,&quot;size&quot;:40,&quot;sizes&quot;:[]},&quot;classic_row_gap_tablet&quot;:{&quot;unit&quot;:&quot;px&quot;,&quot;size&quot;:40,&quot;sizes&quot;:[]},&quot;classic_row_gap_mobile&quot;:{&quot;unit&quot;:&quot;px&quot;,&quot;size&quot;:60,&quot;sizes&quot;:[]},&quot;pagination_type&quot;:&quot;prev_next&quot;,&quot;classic_columns&quot;:&quot;3&quot;,&quot;classic_columns_tablet&quot;:&quot;2&quot;,&quot;classic_columns_mobile&quot;:&quot;1&quot;}\" data-widget_type=\"posts.classic\">\n\t\t\t\t<div class=\"elementor-widget-container\">\n\t\t\t\t\t\t\t<div class=\"elementor-posts-container elementor-posts elementor-posts--skin-classic elementor-grid\" role=\"list\">\n\t\t\t\t<article class=\"elementor-post elementor-grid-item post-1885 post type-post status-publish format-standard has-post-thumbnail hentry category-historia\" role=\"listitem\">\n\t\t\t\t<a class=\"elementor-post__thumbnail__link\" href=\"https:\/\/elguatequebcn.com\/ca\/peces-uniques-plenes-dhistoria-restaurades-amb-amor\/\" tabindex=\"-1\" >\n\t\t\t<div class=\"elementor-post__thumbnail\"><img fetchpriority=\"high\" decoding=\"async\" width=\"768\" height=\"846\" src=\"https:\/\/elguatequebcn.com\/wp-content\/uploads\/2025\/05\/mesas.webp\" class=\"attachment-full size-full wp-image-1841\" alt=\"\" srcset=\"https:\/\/elguatequebcn.com\/wp-content\/uploads\/2025\/05\/mesas.webp 768w, https:\/\/elguatequebcn.com\/wp-content\/uploads\/2025\/05\/mesas-600x661.webp 600w, https:\/\/elguatequebcn.com\/wp-content\/uploads\/2025\/05\/mesas-272x300.webp 272w\" sizes=\"(max-width: 768px) 100vw, 768px\" \/><\/div>\n\t\t<\/a>\n\t\t\t\t<div class=\"elementor-post__text\">\n\t\t\t\t<h3 class=\"elementor-post__title\">\n\t\t\t<a href=\"https:\/\/elguatequebcn.com\/ca\/peces-uniques-plenes-dhistoria-restaurades-amb-amor\/\" >\n\t\t\t\tPeces \u00faniques plenes d&#8217;hist\u00f2ria, restaurades amb amor.\t\t\t<\/a>\n\t\t<\/h3>\n\t\t\t\t<div class=\"elementor-post__meta-data\">\n\t\t\t\t\t<span class=\"elementor-post-date\">\n\t\t\tjuny 2, 2025\t\t<\/span>\n\t\t\t\t<\/div>\n\t\t\n\t\t<a class=\"elementor-post__read-more\" href=\"https:\/\/elguatequebcn.com\/ca\/peces-uniques-plenes-dhistoria-restaurades-amb-amor\/\" aria-label=\"Read more about Peces \u00faniques plenes d&#8217;hist\u00f2ria, restaurades amb amor.\" tabindex=\"-1\" >\n\t\t\tLlegir m\u00e9s\t\t<\/a>\n\n\t\t\t\t<\/div>\n\t\t\t\t<\/article>\n\t\t\t\t<article class=\"elementor-post elementor-grid-item post-1878 post type-post status-publish format-standard has-post-thumbnail hentry category-idees-decoracio\" role=\"listitem\">\n\t\t\t\t<a class=\"elementor-post__thumbnail__link\" href=\"https:\/\/elguatequebcn.com\/ca\/descobreix-les-ultimes-tendencies-i-decoracio-en-mobles-vintage\/\" tabindex=\"-1\" >\n\t\t\t<div class=\"elementor-post__thumbnail\"><img decoding=\"async\" width=\"768\" height=\"846\" src=\"https:\/\/elguatequebcn.com\/wp-content\/uploads\/2025\/05\/Blog.webp\" class=\"attachment-full size-full wp-image-1877\" alt=\"\" srcset=\"https:\/\/elguatequebcn.com\/wp-content\/uploads\/2025\/05\/Blog.webp 768w, https:\/\/elguatequebcn.com\/wp-content\/uploads\/2025\/05\/Blog-600x661.webp 600w, https:\/\/elguatequebcn.com\/wp-content\/uploads\/2025\/05\/Blog-272x300.webp 272w\" sizes=\"(max-width: 768px) 100vw, 768px\" \/><\/div>\n\t\t<\/a>\n\t\t\t\t<div class=\"elementor-post__text\">\n\t\t\t\t<h3 class=\"elementor-post__title\">\n\t\t\t<a href=\"https:\/\/elguatequebcn.com\/ca\/descobreix-les-ultimes-tendencies-i-decoracio-en-mobles-vintage\/\" >\n\t\t\t\tDescobreix les \u00daltimes Tend\u00e8ncies i Decoraci\u00f3 en Mobles Vintage\t\t\t<\/a>\n\t\t<\/h3>\n\t\t\t\t<div class=\"elementor-post__meta-data\">\n\t\t\t\t\t<span class=\"elementor-post-date\">\n\t\t\tmaig 23, 2025\t\t<\/span>\n\t\t\t\t<\/div>\n\t\t\n\t\t<a class=\"elementor-post__read-more\" href=\"https:\/\/elguatequebcn.com\/ca\/descobreix-les-ultimes-tendencies-i-decoracio-en-mobles-vintage\/\" aria-label=\"Read more about Descobreix les \u00daltimes Tend\u00e8ncies i Decoraci\u00f3 en Mobles Vintage\" tabindex=\"-1\" >\n\t\t\tLlegir m\u00e9s\t\t<\/a>\n\n\t\t\t\t<\/div>\n\t\t\t\t<\/article>\n\t\t\t\t<\/div>\n\t\t\n\t\t\t\t\t\t<\/div>\n\t\t\t\t<\/div>\n\t\t\t\t\t<\/div>\n\t\t\t\t<\/div>\n\t\t\t\t<\/div>\n\t\t","protected":false},"excerpt":{"rendered":"<p>BLOG<\/p>\n","protected":false},"author":1,"featured_media":0,"parent":0,"menu_order":0,"comment_status":"closed","ping_status":"closed","template":"elementor_header_footer","meta":{"_acf_changed":false,"footnotes":""},"class_list":["post-1873","page","type-page","status-publish","hentry"],"acf":[],"_links":{"self":[{"href":"https:\/\/elguatequebcn.com\/ca\/wp-json\/wp\/v2\/pages\/1873","targetHints":{"allow":["GET"]}}],"collection":[{"href":"https:\/\/elguatequebcn.com\/ca\/wp-json\/wp\/v2\/pages"}],"about":[{"href":"https:\/\/elguatequebcn.com\/ca\/wp-json\/wp\/v2\/types\/page"}],"author":[{"embeddable":true,"href":"https:\/\/elguatequebcn.com\/ca\/wp-json\/wp\/v2\/users\/1"}],"replies":[{"embeddable":true,"href":"https:\/\/elguatequebcn.com\/ca\/wp-json\/wp\/v2\/comments?post=1873"}],"version-history":[{"count":1,"href":"https:\/\/elguatequebcn.com\/ca\/wp-json\/wp\/v2\/pages\/1873\/revisions"}],"predecessor-version":[{"id":1874,"href":"https:\/\/elguatequebcn.com\/ca\/wp-json\/wp\/v2\/pages\/1873\/revisions\/1874"}],"wp:attachment":[{"href":"https:\/\/elguatequebcn.com\/ca\/wp-json\/wp\/v2\/media?parent=1873"}],"curies":[{"name":"wp","href":"https:\/\/api.w.org\/{rel}","templated":true}]}}