{"id":1857,"date":"2025-07-14T12:38:39","date_gmt":"2025-07-14T12:38:39","guid":{"rendered":"https:\/\/elguatequebcn.com\/contacte\/"},"modified":"2026-04-01T11:09:51","modified_gmt":"2026-04-01T11:09:51","slug":"contacte","status":"publish","type":"page","link":"https:\/\/elguatequebcn.com\/ca\/contacte\/","title":{"rendered":"Contacte"},"content":{"rendered":"\t\t<div data-elementor-type=\"wp-page\" data-elementor-id=\"1857\" class=\"elementor elementor-1857 elementor-1148\" data-elementor-post-type=\"page\">\n\t\t\t\t<div class=\"elementor-element elementor-element-5b2c730 e-grid e-con-full e-con e-parent\" data-id=\"5b2c730\" data-element_type=\"container\" data-e-type=\"container\">\n\t\t\t\t<div class=\"elementor-element elementor-element-b31a753 elementor-widget elementor-widget-image\" data-id=\"b31a753\" data-element_type=\"widget\" data-e-type=\"widget\" data-widget_type=\"image.default\">\n\t\t\t\t\t\t\t\t\t\t\t\t\t\t\t<img fetchpriority=\"high\" decoding=\"async\" width=\"1386\" height=\"1864\" src=\"https:\/\/elguatequebcn.com\/wp-content\/uploads\/2025\/07\/Img_Contacto.webp\" class=\"attachment-full size-full wp-image-1855\" alt=\"\" srcset=\"https:\/\/elguatequebcn.com\/wp-content\/uploads\/2025\/07\/Img_Contacto.webp 1386w, https:\/\/elguatequebcn.com\/wp-content\/uploads\/2025\/07\/Img_Contacto-600x807.webp 600w, https:\/\/elguatequebcn.com\/wp-content\/uploads\/2025\/07\/Img_Contacto-223x300.webp 223w, https:\/\/elguatequebcn.com\/wp-content\/uploads\/2025\/07\/Img_Contacto-761x1024.webp 761w, https:\/\/elguatequebcn.com\/wp-content\/uploads\/2025\/07\/Img_Contacto-768x1033.webp 768w, https:\/\/elguatequebcn.com\/wp-content\/uploads\/2025\/07\/Img_Contacto-1142x1536.webp 1142w\" sizes=\"(max-width: 1386px) 100vw, 1386px\" \/>\t\t\t\t\t\t\t\t\t\t\t\t\t\t\t<\/div>\n\t\t<div class=\"elementor-element elementor-element-a000798 e-flex e-con-boxed e-con e-child\" data-id=\"a000798\" data-element_type=\"container\" data-e-type=\"container\">\n\t\t\t\t\t<div class=\"e-con-inner\">\n\t\t<div class=\"elementor-element elementor-element-4c8de0f e-con-full e-flex e-con e-child\" data-id=\"4c8de0f\" data-element_type=\"container\" data-e-type=\"container\">\n\t\t\t\t<div class=\"elementor-element elementor-element-51928c5 elementor-widget elementor-widget-image\" data-id=\"51928c5\" data-element_type=\"widget\" data-e-type=\"widget\" data-widget_type=\"image.default\">\n\t\t\t\t\t\t\t\t\t\t\t\t\t\t\t<img decoding=\"async\" width=\"76\" height=\"89\" src=\"https:\/\/elguatequebcn.com\/wp-content\/uploads\/2025\/07\/guateque_logo-12.svg\" class=\"attachment-full size-full wp-image-1856\" alt=\"\" \/>\t\t\t\t\t\t\t\t\t\t\t\t\t\t\t<\/div>\n\t\t\t\t<div class=\"elementor-element elementor-element-860c339 elementor-widget__width-initial elementor-widget-mobile__width-inherit elementor-widget elementor-widget-heading\" data-id=\"860c339\" data-element_type=\"widget\" data-e-type=\"widget\" data-widget_type=\"heading.default\">\n\t\t\t\t\t<h1 class=\"elementor-heading-title elementor-size-default\">Contacta amb nosaltres<\/h1>\t\t\t\t<\/div>\n\t\t\t\t<div class=\"elementor-element elementor-element-83d068f elementor-widget__width-initial elementor-widget elementor-widget-heading\" data-id=\"83d068f\" data-element_type=\"widget\" data-e-type=\"widget\" data-widget_type=\"heading.default\">\n\t\t\t\t\t<p class=\"elementor-heading-title elementor-size-default\">Ompliu aquest formulari i envieu-nos-el si voleu m\u00e9s informaci\u00f3 sobre qualsevol dels articles de la nostra vitrina en l\u00ednia, o si voleu saber-ne m\u00e9s sobre els nostres serveis.<\/p>\t\t\t\t<\/div>\n\t\t<div class=\"elementor-element elementor-element-33accbc e-con-full e-flex e-con e-child\" data-id=\"33accbc\" data-element_type=\"container\" data-e-type=\"container\">\n\t\t\t\t<div class=\"elementor-element elementor-element-81e562a elementor-button-align-end elementor-widget__width-initial elementor-widget elementor-widget-form\" data-id=\"81e562a\" data-element_type=\"widget\" data-e-type=\"widget\" data-settings=\"{&quot;step_next_label&quot;:&quot;Seg\\u00fcent&quot;,&quot;step_previous_label&quot;:&quot;Anterior&quot;,&quot;button_width&quot;:&quot;100&quot;,&quot;step_type&quot;:&quot;number_text&quot;,&quot;step_icon_shape&quot;:&quot;circle&quot;}\" data-widget_type=\"form.default\">\n\t\t\t\t\t\t\t<form class=\"elementor-form\" method=\"post\" name=\"Nou formulari\" aria-label=\"Nou formulari\">\n\t\t\t<input type=\"hidden\" name=\"post_id\" value=\"1857\"\/>\n\t\t\t<input type=\"hidden\" name=\"form_id\" value=\"81e562a\"\/>\n\t\t\t<input type=\"hidden\" name=\"referer_title\" value=\"Contacte\" \/>\n\n\t\t\t\t\t\t\t<input type=\"hidden\" name=\"queried_id\" value=\"1857\"\/>\n\t\t\t\n\t\t\t<div class=\"elementor-form-fields-wrapper elementor-labels-above\">\n\t\t\t\t\t\t\t\t<div class=\"elementor-field-type-text elementor-field-group elementor-column elementor-field-group-name elementor-col-100 elementor-field-required\">\n\t\t\t\t\t\t\t\t\t\t\t\t<label for=\"form-field-name\" class=\"elementor-field-label\">\n\t\t\t\t\t\t\t\tNom\t\t\t\t\t\t\t<\/label>\n\t\t\t\t\t\t\t\t\t\t\t\t\t\t<input size=\"1\" type=\"text\" name=\"form_fields[name]\" id=\"form-field-name\" class=\"elementor-field elementor-size-sm  elementor-field-textual\" required=\"required\">\n\t\t\t\t\t\t\t\t\t\t\t<\/div>\n\t\t\t\t\t\t\t\t<div class=\"elementor-field-type-email elementor-field-group elementor-column elementor-field-group-email elementor-col-100 elementor-field-required\">\n\t\t\t\t\t\t\t\t\t\t\t\t<label for=\"form-field-email\" class=\"elementor-field-label\">\n\t\t\t\t\t\t\t\tEmail\t\t\t\t\t\t\t<\/label>\n\t\t\t\t\t\t\t\t\t\t\t\t\t\t<input size=\"1\" type=\"email\" name=\"form_fields[email]\" id=\"form-field-email\" class=\"elementor-field elementor-size-sm  elementor-field-textual\" required=\"required\">\n\t\t\t\t\t\t\t\t\t\t\t<\/div>\n\t\t\t\t\t\t\t\t<div class=\"elementor-field-type-textarea elementor-field-group elementor-column elementor-field-group-field_bf7c6f3 elementor-col-100\">\n\t\t\t\t\t\t\t\t\t\t\t\t<label for=\"form-field-field_bf7c6f3\" class=\"elementor-field-label\">\n\t\t\t\t\t\t\t\tComentaris\t\t\t\t\t\t\t<\/label>\n\t\t\t\t\t\t<textarea class=\"elementor-field-textual elementor-field  elementor-size-sm\" name=\"form_fields[field_bf7c6f3]\" id=\"form-field-field_bf7c6f3\" rows=\"4\"><\/textarea>\t\t\t\t<\/div>\n\t\t\t\t\t\t\t\t<div class=\"elementor-field-group elementor-column elementor-field-type-submit elementor-col-100 e-form__buttons\">\n\t\t\t\t\t<button class=\"elementor-button elementor-size-md\" type=\"submit\">\n\t\t\t\t\t\t<span class=\"elementor-button-content-wrapper\">\n\t\t\t\t\t\t\t\t\t\t\t\t\t\t\t\t\t\t\t\t\t\t<span class=\"elementor-button-text\">Contactar<\/span>\n\t\t\t\t\t\t\t\t\t\t\t\t\t<\/span>\n\t\t\t\t\t<\/button>\n\t\t\t\t<\/div>\n\t\t\t<\/div>\n\t\t<\/form>\n\t\t\t\t\t\t<\/div>\n\t\t\t\t<\/div>\n\t\t\t\t<\/div>\n\t\t<div class=\"elementor-element elementor-element-ffb60b7 e-con-full e-grid e-con e-child\" data-id=\"ffb60b7\" data-element_type=\"container\" data-e-type=\"container\">\n\t\t\t\t<div class=\"elementor-element elementor-element-9145b3a elementor-widget elementor-widget-heading\" data-id=\"9145b3a\" data-element_type=\"widget\" data-e-type=\"widget\" data-widget_type=\"heading.default\">\n\t\t\t\t\t<p class=\"elementor-heading-title elementor-size-default\">Escriu-nos:<br>info@elguatequebcn.com<\/p>\t\t\t\t<\/div>\n\t\t\t\t<div class=\"elementor-element elementor-element-76e2339 elementor-widget elementor-widget-heading\" data-id=\"76e2339\" data-element_type=\"widget\" data-e-type=\"widget\" data-widget_type=\"heading.default\">\n\t\t\t\t\t<p class=\"elementor-heading-title elementor-size-default\">Truqueu-nos:\n<span>+34 933544533<\/span><br><span>+34 690137511<\/span><\/p>\t\t\t\t<\/div>\n\t\t\t\t<div class=\"elementor-element elementor-element-6805da8 elementor-widget elementor-widget-heading\" data-id=\"6805da8\" data-element_type=\"widget\" data-e-type=\"widget\" data-widget_type=\"heading.default\">\n\t\t\t\t\t<p class=\"elementor-heading-title elementor-size-default\">Visiteu-nos amb cita pr\u00e8via:<br>Carrer Ermita, 1-5 (nau central)<br>08173 Sant Cugat del Vall\u00e8s<br>Barcelona<\/p>\t\t\t\t<\/div>\n\t\t\t\t<\/div>\n\t\t\t\t\t<\/div>\n\t\t\t\t<\/div>\n\t\t\t\t<\/div>\n\t\t\t\t<\/div>\n\t\t","protected":false},"excerpt":{"rendered":"<p>Contacta amb nosaltres Ompliu aquest formulari i envieu-nos-el si voleu m\u00e9s informaci\u00f3 sobre qualsevol dels articles de la nostra vitrina en l\u00ednia, o si voleu saber-ne m\u00e9s sobre els nostres serveis. Escriu-nos:info@elguatequebcn.com Truqueu-nos: +34 933544533+34 690137511 Visiteu-nos amb cita pr\u00e8via:Carrer Ermita, 1-5 (nau central)08173 Sant Cugat del Vall\u00e8sBarcelona<\/p>\n","protected":false},"author":1,"featured_media":0,"parent":0,"menu_order":0,"comment_status":"closed","ping_status":"closed","template":"","meta":{"_acf_changed":false,"footnotes":""},"class_list":["post-1857","page","type-page","status-publish","hentry"],"acf":[],"_links":{"self":[{"href":"https:\/\/elguatequebcn.com\/ca\/wp-json\/wp\/v2\/pages\/1857","targetHints":{"allow":["GET"]}}],"collection":[{"href":"https:\/\/elguatequebcn.com\/ca\/wp-json\/wp\/v2\/pages"}],"about":[{"href":"https:\/\/elguatequebcn.com\/ca\/wp-json\/wp\/v2\/types\/page"}],"author":[{"embeddable":true,"href":"https:\/\/elguatequebcn.com\/ca\/wp-json\/wp\/v2\/users\/1"}],"replies":[{"embeddable":true,"href":"https:\/\/elguatequebcn.com\/ca\/wp-json\/wp\/v2\/comments?post=1857"}],"version-history":[{"count":1,"href":"https:\/\/elguatequebcn.com\/ca\/wp-json\/wp\/v2\/pages\/1857\/revisions"}],"predecessor-version":[{"id":1860,"href":"https:\/\/elguatequebcn.com\/ca\/wp-json\/wp\/v2\/pages\/1857\/revisions\/1860"}],"wp:attachment":[{"href":"https:\/\/elguatequebcn.com\/ca\/wp-json\/wp\/v2\/media?parent=1857"}],"curies":[{"name":"wp","href":"https:\/\/api.w.org\/{rel}","templated":true}]}}