{"id":1793,"date":"2025-07-09T12:02:28","date_gmt":"2025-07-09T12:02:28","guid":{"rendered":"https:\/\/elguatequebcn.com\/qui-som\/"},"modified":"2026-04-01T10:16:49","modified_gmt":"2026-04-01T10:16:49","slug":"qui-som","status":"publish","type":"page","link":"https:\/\/elguatequebcn.com\/ca\/qui-som\/","title":{"rendered":"Qui s\u00f3m"},"content":{"rendered":"\t\t<div data-elementor-type=\"wp-page\" data-elementor-id=\"1793\" class=\"elementor elementor-1793 elementor-742\" data-elementor-post-type=\"page\">\n\t\t\t\t<div class=\"elementor-element elementor-element-26e677d e-con-full e-flex e-con e-parent\" data-id=\"26e677d\" data-element_type=\"container\" data-e-type=\"container\" data-settings=\"{&quot;background_background&quot;:&quot;classic&quot;}\">\n\t\t<div class=\"elementor-element elementor-element-9fa057c box-hero e-flex e-con-boxed e-con e-child\" data-id=\"9fa057c\" data-element_type=\"container\" data-e-type=\"container\">\n\t\t\t\t\t<div class=\"e-con-inner\">\n\t\t\t\t<div class=\"elementor-element elementor-element-ed2390a text text-bottom elementor-widget elementor-widget-heading\" data-id=\"ed2390a\" data-element_type=\"widget\" data-e-type=\"widget\" data-widget_type=\"heading.default\">\n\t\t\t\t\t<h1 class=\"elementor-heading-title elementor-size-default\">\u00e9s un somni<br>fet realitat<\/h1>\t\t\t\t<\/div>\n\t\t<div class=\"elementor-element elementor-element-78a91cd box-image e-flex e-con-boxed e-con e-child\" data-id=\"78a91cd\" data-element_type=\"container\" data-e-type=\"container\" data-settings=\"{&quot;background_background&quot;:&quot;classic&quot;,&quot;motion_fx_motion_fx_scrolling&quot;:&quot;yes&quot;,&quot;motion_fx_translateY_effect&quot;:&quot;yes&quot;,&quot;motion_fx_translateY_direction&quot;:&quot;negative&quot;,&quot;motion_fx_translateY_speed&quot;:{&quot;unit&quot;:&quot;px&quot;,&quot;size&quot;:5,&quot;sizes&quot;:[]},&quot;motion_fx_translateY_affectedRange&quot;:{&quot;unit&quot;:&quot;%&quot;,&quot;size&quot;:&quot;&quot;,&quot;sizes&quot;:{&quot;start&quot;:50,&quot;end&quot;:100}},&quot;motion_fx_devices&quot;:[&quot;desktop&quot;,&quot;tablet&quot;,&quot;mobile&quot;]}\">\n\t\t\t\t\t<div class=\"e-con-inner\">\n\t\t\t\t<div class=\"elementor-element elementor-element-9fdd427 elementor-widget elementor-widget-image\" data-id=\"9fdd427\" data-element_type=\"widget\" data-e-type=\"widget\" data-widget_type=\"image.default\">\n\t\t\t\t\t\t\t\t\t\t\t\t\t\t\t<img decoding=\"async\" width=\"162\" height=\"49\" src=\"https:\/\/elguatequebcn.com\/wp-content\/uploads\/2025\/06\/Logo-provisional.svg\" class=\"attachment-large size-large wp-image-1777\" alt=\"\" \/>\t\t\t\t\t\t\t\t\t\t\t\t\t\t\t<\/div>\n\t\t\t\t\t<\/div>\n\t\t\t\t<\/div>\n\t\t\t\t<div class=\"elementor-element elementor-element-45a4888 text text-top elementor-widget elementor-widget-heading\" data-id=\"45a4888\" data-element_type=\"widget\" data-e-type=\"widget\" data-widget_type=\"heading.default\">\n\t\t\t\t\t<h1 class=\"elementor-heading-title elementor-size-default\">\u00e9s un somni<br>fet realitat<\/h1>\t\t\t\t<\/div>\n\t\t\t\t\t<\/div>\n\t\t\t\t<\/div>\n\t\t<div class=\"elementor-element elementor-element-65dd3f7 image-ovalo e-flex e-con-boxed e-con e-child\" data-id=\"65dd3f7\" data-element_type=\"container\" data-e-type=\"container\">\n\t\t\t\t\t<div class=\"e-con-inner\">\n\t\t\t\t<div class=\"elementor-element elementor-element-197571b elementor-widget elementor-widget-image\" data-id=\"197571b\" data-element_type=\"widget\" data-e-type=\"widget\" data-widget_type=\"image.default\">\n\t\t\t\t\t\t\t\t\t\t\t\t\t\t\t<img fetchpriority=\"high\" decoding=\"async\" width=\"800\" height=\"800\" src=\"https:\/\/elguatequebcn.com\/wp-content\/uploads\/2025\/07\/O\u2560uvalo-Copia-2@2x.webp\" class=\"attachment-large size-large wp-image-1779\" alt=\"\" srcset=\"https:\/\/elguatequebcn.com\/wp-content\/uploads\/2025\/07\/O\u2560uvalo-Copia-2@2x.webp 1012w, https:\/\/elguatequebcn.com\/wp-content\/uploads\/2025\/07\/O\u2560uvalo-Copia-2@2x-300x300.webp 300w, https:\/\/elguatequebcn.com\/wp-content\/uploads\/2025\/07\/O\u2560uvalo-Copia-2@2x-100x100.webp 100w, https:\/\/elguatequebcn.com\/wp-content\/uploads\/2025\/07\/O\u2560uvalo-Copia-2@2x-600x600.webp 600w, https:\/\/elguatequebcn.com\/wp-content\/uploads\/2025\/07\/O\u2560uvalo-Copia-2@2x-150x150.webp 150w, https:\/\/elguatequebcn.com\/wp-content\/uploads\/2025\/07\/O\u2560uvalo-Copia-2@2x-768x768.webp 768w\" sizes=\"(max-width: 800px) 100vw, 800px\" \/>\t\t\t\t\t\t\t\t\t\t\t\t\t\t\t<\/div>\n\t\t\t\t\t<\/div>\n\t\t\t\t<\/div>\n\t\t\t\t<div class=\"elementor-element elementor-element-081f6b9 elementor-widget__width-auto elementor-widget elementor-widget-image\" data-id=\"081f6b9\" data-element_type=\"widget\" data-e-type=\"widget\" data-widget_type=\"image.default\">\n\t\t\t\t\t\t\t\t\t\t\t\t\t\t\t\t<a href=\"#\">\n\t\t\t\t\t\t\t<img decoding=\"async\" width=\"45\" height=\"44\" src=\"https:\/\/elguatequebcn.com\/wp-content\/uploads\/2025\/05\/Arrow-Copy-2-Copia@1x.svg\" class=\"attachment-full size-full wp-image-1780\" alt=\"\" \/>\t\t\t\t\t\t\t\t<\/a>\n\t\t\t\t\t\t\t\t\t\t\t\t\t\t\t<\/div>\n\t\t<div class=\"elementor-element elementor-element-25383ea e-grid e-con-full e-con e-child\" data-id=\"25383ea\" data-element_type=\"container\" data-e-type=\"container\">\n\t\t\t\t<div class=\"elementor-element elementor-element-9823826 elementor-widget elementor-widget-heading\" data-id=\"9823826\" data-element_type=\"widget\" data-e-type=\"widget\" data-widget_type=\"heading.default\">\n\t\t\t\t\t<div class=\"elementor-heading-title elementor-size-default\">[IMMOBILIARI]<\/div>\t\t\t\t<\/div>\n\t\t\t\t<div class=\"elementor-element elementor-element-530e000 elementor-widget elementor-widget-heading\" data-id=\"530e000\" data-element_type=\"widget\" data-e-type=\"widget\" data-widget_type=\"heading.default\">\n\t\t\t\t\t<div class=\"elementor-heading-title elementor-size-default\">[DECORACI\u00d3]<\/div>\t\t\t\t<\/div>\n\t\t\t\t<div class=\"elementor-element elementor-element-e457e7d elementor-widget elementor-widget-heading\" data-id=\"e457e7d\" data-element_type=\"widget\" data-e-type=\"widget\" data-widget_type=\"heading.default\">\n\t\t\t\t\t<div class=\"elementor-heading-title elementor-size-default\">[IL\u00b7LUMINACI\u00d3]<\/div>\t\t\t\t<\/div>\n\t\t\t\t<\/div>\n\t\t\t\t<\/div>\n\t\t<div class=\"elementor-element elementor-element-2468a5e e-flex e-con-boxed e-con e-parent\" data-id=\"2468a5e\" data-element_type=\"container\" data-e-type=\"container\">\n\t\t\t\t\t<div class=\"e-con-inner\">\n\t\t<div class=\"elementor-element elementor-element-5a7c387 e-flex e-con-boxed e-con e-child\" data-id=\"5a7c387\" data-element_type=\"container\" data-e-type=\"container\">\n\t\t\t\t\t<div class=\"e-con-inner\">\n\t\t\t\t<div class=\"elementor-element elementor-element-cdf1162 elementor-widget elementor-widget-image\" data-id=\"cdf1162\" data-element_type=\"widget\" data-e-type=\"widget\" data-widget_type=\"image.default\">\n\t\t\t\t\t\t\t\t\t\t\t\t\t\t\t<img loading=\"lazy\" decoding=\"async\" width=\"768\" height=\"1325\" src=\"https:\/\/elguatequebcn.com\/wp-content\/uploads\/2025\/07\/iStock-1974754371-Copia-768x1325.webp\" class=\"attachment-medium_large size-medium_large wp-image-1781\" alt=\"\" srcset=\"https:\/\/elguatequebcn.com\/wp-content\/uploads\/2025\/07\/iStock-1974754371-Copia-768x1325.webp 768w, https:\/\/elguatequebcn.com\/wp-content\/uploads\/2025\/07\/iStock-1974754371-Copia-600x1035.webp 600w, https:\/\/elguatequebcn.com\/wp-content\/uploads\/2025\/07\/iStock-1974754371-Copia-174x300.webp 174w, https:\/\/elguatequebcn.com\/wp-content\/uploads\/2025\/07\/iStock-1974754371-Copia-594x1024.webp 594w, https:\/\/elguatequebcn.com\/wp-content\/uploads\/2025\/07\/iStock-1974754371-Copia.webp 770w\" sizes=\"(max-width: 768px) 100vw, 768px\" \/>\t\t\t\t\t\t\t\t\t\t\t\t\t\t\t<\/div>\n\t\t\t\t<div class=\"elementor-element elementor-element-a9dc81f elementor-widget__width-initial elementor-widget elementor-widget-heading\" data-id=\"a9dc81f\" data-element_type=\"widget\" data-e-type=\"widget\" data-widget_type=\"heading.default\">\n\t\t\t\t\t<h2 class=\"elementor-heading-title elementor-size-default\">El desig de recuperar\ntrossets de la nostra hist\u00f2ria recent \u2013 m<b>obles,\ndecoraci\u00f3, il\u00b7luminaci\u00f3 \u2013 <\/b>sempre m'ha acompanyat: l'impuls de\nguardar-me tot all\u00f2 que cau a les meves mans forma part de la meva naturalesa.<\/h2>\t\t\t\t<\/div>\n\t\t\t\t\t<\/div>\n\t\t\t\t<\/div>\n\t\t<div class=\"elementor-element elementor-element-7f830e1 e-flex e-con-boxed e-con e-child\" data-id=\"7f830e1\" data-element_type=\"container\" data-e-type=\"container\">\n\t\t\t\t\t<div class=\"e-con-inner\">\n\t\t\t\t<div class=\"elementor-element elementor-element-f0bcd89 elementor-widget elementor-widget-image\" data-id=\"f0bcd89\" data-element_type=\"widget\" data-e-type=\"widget\" data-widget_type=\"image.default\">\n\t\t\t\t\t\t\t\t\t\t\t\t\t\t\t<img loading=\"lazy\" decoding=\"async\" width=\"768\" height=\"684\" src=\"https:\/\/elguatequebcn.com\/wp-content\/uploads\/2025\/07\/bernd-dittrich-BQlvBr88GYU-unsplash-768x684.webp\" class=\"attachment-medium_large size-medium_large wp-image-1782\" alt=\"\" srcset=\"https:\/\/elguatequebcn.com\/wp-content\/uploads\/2025\/07\/bernd-dittrich-BQlvBr88GYU-unsplash-768x684.webp 768w, https:\/\/elguatequebcn.com\/wp-content\/uploads\/2025\/07\/bernd-dittrich-BQlvBr88GYU-unsplash-600x535.webp 600w, https:\/\/elguatequebcn.com\/wp-content\/uploads\/2025\/07\/bernd-dittrich-BQlvBr88GYU-unsplash-300x267.webp 300w, https:\/\/elguatequebcn.com\/wp-content\/uploads\/2025\/07\/bernd-dittrich-BQlvBr88GYU-unsplash.webp 770w\" sizes=\"(max-width: 768px) 100vw, 768px\" \/>\t\t\t\t\t\t\t\t\t\t\t\t\t\t\t<\/div>\n\t\t\t\t\t<\/div>\n\t\t\t\t<\/div>\n\t\t<div class=\"elementor-element elementor-element-787960f e-con-full e-flex e-con e-child\" data-id=\"787960f\" data-element_type=\"container\" data-e-type=\"container\">\n\t\t\t\t<div class=\"elementor-element elementor-element-85325aa elementor-widget__width-initial elementor-widget elementor-widget-heading\" data-id=\"85325aa\" data-element_type=\"widget\" data-e-type=\"widget\" data-widget_type=\"heading.default\">\n\t\t\t\t\t<p class=\"elementor-heading-title elementor-size-default\">\u00c9s un projecte personal tan ecl\u00e8ctic com jo, potser perqu\u00e8 vaig tenir<br>la sort de n\u00e9ixer en un temps d'efervesc\u00e8ncia iconoclasta. La<br>primera can\u00e7\u00f3 que recordo \u00e9s \u00abYellow Submarine\u00bb; els temes de\nAbba van formar la banda sonora dels viatges en cotxe de la meva i<br>nf\u00e0ncia, The Police van marcar el ritme de les vacances d'estiu de<br>la meva adolesc\u00e8ncia, i vaig ballar amb la m\u00fasica pop dels 80. <\/p>\t\t\t\t<\/div>\n\t\t\t\t<div class=\"elementor-element elementor-element-a8388db elementor-widget elementor-widget-image\" data-id=\"a8388db\" data-element_type=\"widget\" data-e-type=\"widget\" data-widget_type=\"image.default\">\n\t\t\t\t\t\t\t\t\t\t\t\t\t\t\t<img loading=\"lazy\" decoding=\"async\" width=\"768\" height=\"653\" src=\"https:\/\/elguatequebcn.com\/wp-content\/uploads\/2025\/07\/iStock-2203238039-Copia-768x653.webp\" class=\"attachment-medium_large size-medium_large wp-image-1783\" alt=\"\" srcset=\"https:\/\/elguatequebcn.com\/wp-content\/uploads\/2025\/07\/iStock-2203238039-Copia-768x653.webp 768w, https:\/\/elguatequebcn.com\/wp-content\/uploads\/2025\/07\/iStock-2203238039-Copia-600x510.webp 600w, https:\/\/elguatequebcn.com\/wp-content\/uploads\/2025\/07\/iStock-2203238039-Copia-300x255.webp 300w, https:\/\/elguatequebcn.com\/wp-content\/uploads\/2025\/07\/iStock-2203238039-Copia-1024x871.webp 1024w, https:\/\/elguatequebcn.com\/wp-content\/uploads\/2025\/07\/iStock-2203238039-Copia.webp 1056w\" sizes=\"(max-width: 768px) 100vw, 768px\" \/>\t\t\t\t\t\t\t\t\t\t\t\t\t\t\t<\/div>\n\t\t\t\t<\/div>\n\t\t\t\t\t<\/div>\n\t\t\t\t<\/div>\n\t\t<div class=\"elementor-element elementor-element-fd19370 e-con-full e-flex e-con e-parent\" data-id=\"fd19370\" data-element_type=\"container\" data-e-type=\"container\" data-settings=\"{&quot;background_background&quot;:&quot;classic&quot;}\">\n\t\t<div class=\"elementor-element elementor-element-b5dd888 e-con-full e-flex e-con e-child\" data-id=\"b5dd888\" data-element_type=\"container\" data-e-type=\"container\">\n\t\t\t\t<div class=\"elementor-element elementor-element-d3410a0 elementor-widget__width-initial elementor-widget elementor-widget-heading\" data-id=\"d3410a0\" data-element_type=\"widget\" data-e-type=\"widget\" data-widget_type=\"heading.default\">\n\t\t\t\t\t<p class=\"elementor-heading-title elementor-size-default\">El seu nom s'inspira en la pel\u00b7l\u00edcula de llargmetratge estrenada el<br>1968, *The Party*, que a Espanya es va traduir com *El Guateque*.<\/p>\t\t\t\t<\/div>\n\t\t\t\t<\/div>\n\t\t<div class=\"elementor-element elementor-element-0b26b21 e-con-full e-grid e-con e-child\" data-id=\"0b26b21\" data-element_type=\"container\" data-e-type=\"container\">\n\t\t\t\t<div class=\"elementor-element elementor-element-58ee973 elementor-widget elementor-widget-heading\" data-id=\"58ee973\" data-element_type=\"widget\" data-e-type=\"widget\" data-widget_type=\"heading.default\">\n\t\t\t\t\t<div class=\"elementor-heading-title elementor-size-default\">[PHOTO FROM \"THE PARTY\" - 1968]<\/div>\t\t\t\t<\/div>\n\t\t\t\t<div class=\"elementor-element elementor-element-9f0e9e7 elementor-widget__width-initial elementor-widget-mobile__width-inherit elementor-widget elementor-widget-heading\" data-id=\"9f0e9e7\" data-element_type=\"widget\" data-e-type=\"widget\" data-widget_type=\"heading.default\">\n\t\t\t\t\t<p class=\"elementor-heading-title elementor-size-default\">El gui\u00f3 i la direcci\u00f3 de Blake Edwards, juntament amb el disseny \u00fanic de l'escenografia de la casa, em van fascinar perqu\u00e8 estaven per davant del seu temps en tots els sentits: tant pel que fa a un enfocament innovador del disseny d'interiors, que combinava la comoditat amb un sentit de la transgressi\u00f3, com per la com\u00e8dia desmesurada de finals dels anys seixanta.<\/p>\t\t\t\t<\/div>\n\t\t\t\t<\/div>\n\t\t\t\t<\/div>\n\t\t<div class=\"elementor-element elementor-element-dd9db98 e-con-full e-flex e-con e-parent\" data-id=\"dd9db98\" data-element_type=\"container\" data-e-type=\"container\">\n\t\t<div class=\"elementor-element elementor-element-2a961af e-con-full e-flex e-con e-child\" data-id=\"2a961af\" data-element_type=\"container\" data-e-type=\"container\">\n\t\t\t\t<div class=\"elementor-element elementor-element-e742812 elementor-widget elementor-widget-image\" data-id=\"e742812\" data-element_type=\"widget\" data-e-type=\"widget\" data-widget_type=\"image.default\">\n\t\t\t\t\t\t\t\t\t\t\t\t\t\t\t<img loading=\"lazy\" decoding=\"async\" width=\"300\" height=\"227\" src=\"https:\/\/elguatequebcn.com\/wp-content\/uploads\/2025\/07\/black_Panton_vitra_blog_batavia_05-1-Copia-300x227.webp\" class=\"attachment-medium size-medium wp-image-1785\" alt=\"\" srcset=\"https:\/\/elguatequebcn.com\/wp-content\/uploads\/2025\/07\/black_Panton_vitra_blog_batavia_05-1-Copia-300x227.webp 300w, https:\/\/elguatequebcn.com\/wp-content\/uploads\/2025\/07\/black_Panton_vitra_blog_batavia_05-1-Copia-600x453.webp 600w, https:\/\/elguatequebcn.com\/wp-content\/uploads\/2025\/07\/black_Panton_vitra_blog_batavia_05-1-Copia-768x580.webp 768w, https:\/\/elguatequebcn.com\/wp-content\/uploads\/2025\/07\/black_Panton_vitra_blog_batavia_05-1-Copia.webp 874w\" sizes=\"(max-width: 300px) 100vw, 300px\" \/>\t\t\t\t\t\t\t\t\t\t\t\t\t\t\t<\/div>\n\t\t\t\t<div class=\"elementor-element elementor-element-4e7f44f elementor-widget elementor-widget-image\" data-id=\"4e7f44f\" data-element_type=\"widget\" data-e-type=\"widget\" data-widget_type=\"image.default\">\n\t\t\t\t\t\t\t\t\t\t\t\t\t\t\t<img loading=\"lazy\" decoding=\"async\" width=\"278\" height=\"300\" src=\"https:\/\/elguatequebcn.com\/wp-content\/uploads\/2025\/07\/urban-vintage-nixb-gHNgkU-unsplash-Copia-4-278x300.webp\" class=\"attachment-medium size-medium wp-image-1786\" alt=\"\" srcset=\"https:\/\/elguatequebcn.com\/wp-content\/uploads\/2025\/07\/urban-vintage-nixb-gHNgkU-unsplash-Copia-4-278x300.webp 278w, https:\/\/elguatequebcn.com\/wp-content\/uploads\/2025\/07\/urban-vintage-nixb-gHNgkU-unsplash-Copia-4.webp 514w\" sizes=\"(max-width: 278px) 100vw, 278px\" \/>\t\t\t\t\t\t\t\t\t\t\t\t\t\t\t<\/div>\n\t\t\t\t<\/div>\n\t\t<div class=\"elementor-element elementor-element-16ba152 e-con-full e-flex e-con e-child\" data-id=\"16ba152\" data-element_type=\"container\" data-e-type=\"container\">\n\t\t\t\t<div class=\"elementor-element elementor-element-0444f19 elementor-widget elementor-widget-image\" data-id=\"0444f19\" data-element_type=\"widget\" data-e-type=\"widget\" data-widget_type=\"image.default\">\n\t\t\t\t\t\t\t\t\t\t\t\t\t\t\t<img loading=\"lazy\" decoding=\"async\" width=\"570\" height=\"172\" src=\"https:\/\/elguatequebcn.com\/wp-content\/uploads\/2025\/05\/Logo_el_Guateque@2x.webp\" class=\"attachment-medium_large size-medium_large wp-image-1787\" alt=\"\" srcset=\"https:\/\/elguatequebcn.com\/wp-content\/uploads\/2025\/05\/Logo_el_Guateque@2x.webp 570w, https:\/\/elguatequebcn.com\/wp-content\/uploads\/2025\/05\/Logo_el_Guateque@2x-300x91.webp 300w\" sizes=\"(max-width: 570px) 100vw, 570px\" \/>\t\t\t\t\t\t\t\t\t\t\t\t\t\t\t<\/div>\n\t\t\t\t<div class=\"elementor-element elementor-element-b88440f elementor-widget__width-initial elementor-widget elementor-widget-heading\" data-id=\"b88440f\" data-element_type=\"widget\" data-e-type=\"widget\" data-widget_type=\"heading.default\">\n\t\t\t\t\t<h2 class=\"elementor-heading-title elementor-size-default\">Rinde homenatge a una \u00e8poca captivadora marcada per grans canvis socials, pol\u00edtics i culturals.<\/h2>\t\t\t\t<\/div>\n\t\t\t\t<div class=\"elementor-element elementor-element-cb8aaba elementor-widget elementor-widget-image\" data-id=\"cb8aaba\" data-element_type=\"widget\" data-e-type=\"widget\" data-widget_type=\"image.default\">\n\t\t\t\t\t\t\t\t\t\t\t\t\t\t\t<img loading=\"lazy\" decoding=\"async\" width=\"300\" height=\"227\" src=\"https:\/\/elguatequebcn.com\/wp-content\/uploads\/2025\/07\/urban-vintage-nixb-gHNgkU-unsplash-Copia-5-300x227.webp\" class=\"attachment-medium size-medium wp-image-1788\" alt=\"\" srcset=\"https:\/\/elguatequebcn.com\/wp-content\/uploads\/2025\/07\/urban-vintage-nixb-gHNgkU-unsplash-Copia-5-300x227.webp 300w, https:\/\/elguatequebcn.com\/wp-content\/uploads\/2025\/07\/urban-vintage-nixb-gHNgkU-unsplash-Copia-5-600x455.webp 600w, https:\/\/elguatequebcn.com\/wp-content\/uploads\/2025\/07\/urban-vintage-nixb-gHNgkU-unsplash-Copia-5.webp 694w\" sizes=\"(max-width: 300px) 100vw, 300px\" \/>\t\t\t\t\t\t\t\t\t\t\t\t\t\t\t<\/div>\n\t\t\t\t<\/div>\n\t\t<div class=\"elementor-element elementor-element-ceb352b e-flex e-con-boxed e-con e-child\" data-id=\"ceb352b\" data-element_type=\"container\" data-e-type=\"container\">\n\t\t\t\t\t<div class=\"e-con-inner\">\n\t\t\t\t<div class=\"elementor-element elementor-element-2fec0d3 elementor-widget elementor-widget-image\" data-id=\"2fec0d3\" data-element_type=\"widget\" data-e-type=\"widget\" data-widget_type=\"image.default\">\n\t\t\t\t\t\t\t\t\t\t\t\t\t\t\t<img loading=\"lazy\" decoding=\"async\" width=\"768\" height=\"828\" src=\"https:\/\/elguatequebcn.com\/wp-content\/uploads\/2025\/07\/urban-vintage-nixb-gHNgkU-unsplash-Copia-3.webp\" class=\"attachment-medium_large size-medium_large wp-image-1789\" alt=\"\" srcset=\"https:\/\/elguatequebcn.com\/wp-content\/uploads\/2025\/07\/urban-vintage-nixb-gHNgkU-unsplash-Copia-3.webp 768w, https:\/\/elguatequebcn.com\/wp-content\/uploads\/2025\/07\/urban-vintage-nixb-gHNgkU-unsplash-Copia-3-600x647.webp 600w, https:\/\/elguatequebcn.com\/wp-content\/uploads\/2025\/07\/urban-vintage-nixb-gHNgkU-unsplash-Copia-3-278x300.webp 278w\" sizes=\"(max-width: 768px) 100vw, 768px\" \/>\t\t\t\t\t\t\t\t\t\t\t\t\t\t\t<\/div>\n\t\t\t\t<div class=\"elementor-element elementor-element-b914a75 elementor-widget__width-initial e-transform elementor-widget-mobile__width-inherit elementor-widget elementor-widget-heading\" data-id=\"b914a75\" data-element_type=\"widget\" data-e-type=\"widget\" data-settings=\"{&quot;_transform_translateY_effect&quot;:{&quot;unit&quot;:&quot;px&quot;,&quot;size&quot;:70,&quot;sizes&quot;:[]},&quot;_transform_translateX_effect&quot;:{&quot;unit&quot;:&quot;px&quot;,&quot;size&quot;:&quot;&quot;,&quot;sizes&quot;:[]},&quot;_transform_translateX_effect_tablet&quot;:{&quot;unit&quot;:&quot;px&quot;,&quot;size&quot;:&quot;&quot;,&quot;sizes&quot;:[]},&quot;_transform_translateX_effect_mobile&quot;:{&quot;unit&quot;:&quot;px&quot;,&quot;size&quot;:&quot;&quot;,&quot;sizes&quot;:[]},&quot;_transform_translateY_effect_tablet&quot;:{&quot;unit&quot;:&quot;px&quot;,&quot;size&quot;:&quot;&quot;,&quot;sizes&quot;:[]},&quot;_transform_translateY_effect_mobile&quot;:{&quot;unit&quot;:&quot;px&quot;,&quot;size&quot;:&quot;&quot;,&quot;sizes&quot;:[]}}\" data-widget_type=\"heading.default\">\n\t\t\t\t\t<p class=\"elementor-heading-title elementor-size-default\">Rock 'n' roll, l'era espacial, el moviment hippie, el moviment de l'alliberament de la dona, la televisi\u00f3 en color, els primers ordinadors, el pop brit\u00e0nic, les subcultures urbanes, els inicis de la m\u00fasica electr\u00f2nica impulsada per la tecnologia...\n<br><br>L'objectiu d<b>'El Guateque<\/b> \u00e9s reviure aquestes experi\u00e8ncies per crear espais tan polifac\u00e8tics com \u00fanics. Per aix\u00f2, busca peces rares i \u00faniques i en restaura la bellesa i el car\u00e0cter distintiu, permetent-los tornar a brillar mentre preserva l'encant de la seva llarga i fascinant hist\u00f2ria. <\/p>\t\t\t\t<\/div>\n\t\t\t\t\t<\/div>\n\t\t\t\t<\/div>\n\t\t\t\t<\/div>\n\t\t<div class=\"elementor-element elementor-element-176e9c9 e-flex e-con-boxed e-con e-parent\" data-id=\"176e9c9\" data-element_type=\"container\" data-e-type=\"container\" data-settings=\"{&quot;background_background&quot;:&quot;classic&quot;}\">\n\t\t\t\t\t<div class=\"e-con-inner\">\n\t\t\t\t<div class=\"elementor-element elementor-element-3aeedf7 elementor-widget__width-initial elementor-widget elementor-widget-heading\" data-id=\"3aeedf7\" data-element_type=\"widget\" data-e-type=\"widget\" data-widget_type=\"heading.default\">\n\t\t\t\t\t<h3 class=\"elementor-heading-title elementor-size-default\">En aquests temps de ritme trepidant, <b>El Guateque<\/b> celebra l'habilitat dels mestres artesans i la feina meticulosa d'oficis que no coneixen la pressa.<\/h3>\t\t\t\t<\/div>\n\t\t\t\t<div class=\"elementor-element elementor-element-f1acae2 elementor-widget elementor-widget-image\" data-id=\"f1acae2\" data-element_type=\"widget\" data-e-type=\"widget\" data-widget_type=\"image.default\">\n\t\t\t\t\t\t\t\t\t\t\t\t\t\t\t<img loading=\"lazy\" decoding=\"async\" width=\"768\" height=\"931\" src=\"https:\/\/elguatequebcn.com\/wp-content\/uploads\/2025\/07\/bree-anne-mhdDo2ndw2s-unsplash-Copia-3-768x931.webp\" class=\"attachment-medium_large size-medium_large wp-image-1791\" alt=\"\" srcset=\"https:\/\/elguatequebcn.com\/wp-content\/uploads\/2025\/07\/bree-anne-mhdDo2ndw2s-unsplash-Copia-3-768x931.webp 768w, https:\/\/elguatequebcn.com\/wp-content\/uploads\/2025\/07\/bree-anne-mhdDo2ndw2s-unsplash-Copia-3-600x728.webp 600w, https:\/\/elguatequebcn.com\/wp-content\/uploads\/2025\/07\/bree-anne-mhdDo2ndw2s-unsplash-Copia-3-247x300.webp 247w, https:\/\/elguatequebcn.com\/wp-content\/uploads\/2025\/07\/bree-anne-mhdDo2ndw2s-unsplash-Copia-3-844x1024.webp 844w, https:\/\/elguatequebcn.com\/wp-content\/uploads\/2025\/07\/bree-anne-mhdDo2ndw2s-unsplash-Copia-3.webp 1176w\" sizes=\"(max-width: 768px) 100vw, 768px\" \/>\t\t\t\t\t\t\t\t\t\t\t\t\t\t\t<\/div>\n\t\t\t\t\t<\/div>\n\t\t\t\t<\/div>\n\t\t<div class=\"elementor-element elementor-element-305fd74 e-flex e-con-boxed e-con e-parent\" data-id=\"305fd74\" data-element_type=\"container\" data-e-type=\"container\" data-settings=\"{&quot;background_background&quot;:&quot;classic&quot;}\">\n\t\t\t\t\t<div class=\"e-con-inner\">\n\t\t\t\t<div class=\"elementor-element elementor-element-58e54ed elementor-widget elementor-widget-video\" data-id=\"58e54ed\" data-element_type=\"widget\" data-e-type=\"widget\" data-settings=\"{&quot;video_type&quot;:&quot;hosted&quot;,&quot;autoplay&quot;:&quot;yes&quot;,&quot;play_on_mobile&quot;:&quot;yes&quot;,&quot;mute&quot;:&quot;yes&quot;,&quot;loop&quot;:&quot;yes&quot;}\" data-widget_type=\"video.default\">\n\t\t\t\t\t\t\t<div class=\"e-hosted-video elementor-wrapper elementor-open-inline\">\n\t\t\t\t\t<video class=\"elementor-video\" src=\"https:\/\/elguatequebcn.com\/wp-content\/uploads\/2025\/10\/Video.mov\" autoplay=\"\" loop=\"\" muted=\"muted\" playsinline=\"\" controlsList=\"nodownload\"><\/video>\n\t\t\t\t<\/div>\n\t\t\t\t\t\t<\/div>\n\t\t\t\t<div class=\"elementor-element elementor-element-7d28344 elementor-widget__width-initial elementor-widget elementor-widget-heading\" data-id=\"7d28344\" data-element_type=\"widget\" data-e-type=\"widget\" data-widget_type=\"heading.default\">\n\t\t\t\t\t<h3 class=\"elementor-heading-title elementor-size-default\">Durant el proc\u00e9s de restauraci\u00f3, es conserven tants components i materials originals com \u00e9s possible per no restar ess\u00e8ncia: cada pe\u00e7a del cat\u00e0leg d'<b>El Guateque<\/b> t\u00e9 \u00e0nima i irradia una sensaci\u00f3 de benestar i serenitat; us animo a comprovar-ho vosaltres mateixos.\n\nLoreto Sanz<\/h3>\t\t\t\t<\/div>\n\t\t\t\t\t<\/div>\n\t\t\t\t<\/div>\n\t\t\t\t<\/div>\n\t\t","protected":false},"excerpt":{"rendered":"<p>\u00e9s un somnifet realitat \u00e9s un somnifet realitat [IMMOBILIARI] [DECORACI\u00d3] [IL\u00b7LUMINACI\u00d3] El desig de recuperar trossets de la nostra hist\u00f2ria recent \u2013 mobles, decoraci\u00f3, il\u00b7luminaci\u00f3 \u2013 sempre m&#8217;ha acompanyat: l&#8217;impuls de guardar-me tot all\u00f2 que cau a les meves mans forma part de la meva naturalesa. \u00c9s un projecte personal tan ecl\u00e8ctic com jo, potser [&hellip;]<\/p>\n","protected":false},"author":1,"featured_media":0,"parent":0,"menu_order":0,"comment_status":"closed","ping_status":"closed","template":"","meta":{"_acf_changed":false,"footnotes":""},"class_list":["post-1793","page","type-page","status-publish","hentry"],"acf":[],"_links":{"self":[{"href":"https:\/\/elguatequebcn.com\/ca\/wp-json\/wp\/v2\/pages\/1793","targetHints":{"allow":["GET"]}}],"collection":[{"href":"https:\/\/elguatequebcn.com\/ca\/wp-json\/wp\/v2\/pages"}],"about":[{"href":"https:\/\/elguatequebcn.com\/ca\/wp-json\/wp\/v2\/types\/page"}],"author":[{"embeddable":true,"href":"https:\/\/elguatequebcn.com\/ca\/wp-json\/wp\/v2\/users\/1"}],"replies":[{"embeddable":true,"href":"https:\/\/elguatequebcn.com\/ca\/wp-json\/wp\/v2\/comments?post=1793"}],"version-history":[{"count":1,"href":"https:\/\/elguatequebcn.com\/ca\/wp-json\/wp\/v2\/pages\/1793\/revisions"}],"predecessor-version":[{"id":1797,"href":"https:\/\/elguatequebcn.com\/ca\/wp-json\/wp\/v2\/pages\/1793\/revisions\/1797"}],"wp:attachment":[{"href":"https:\/\/elguatequebcn.com\/ca\/wp-json\/wp\/v2\/media?parent=1793"}],"curies":[{"name":"wp","href":"https:\/\/api.w.org\/{rel}","templated":true}]}}